{"id":159,"date":"2018-11-07T15:38:03","date_gmt":"2018-11-07T17:38:03","guid":{"rendered":"http:\/\/maximarh.com.br\/?page_id=159"},"modified":"2018-11-13T11:17:02","modified_gmt":"2018-11-13T13:17:02","slug":"para-empresas","status":"publish","type":"page","link":"http:\/\/maximarh.com.br\/index.php\/para-empresas\/","title":{"rendered":"Para Empresas"},"content":{"rendered":"\n<h2 class=\"wp-block-heading\">Melhor pra voc\u00ea e sua empresa<\/h2>\n\n\n\n<p>N\u00f3s compreenderemos sua necessidade, e assim,encontraremos o profissional certo que crescer\u00e1 com sua empresa.<\/p>\n\n\n\n<p>Para que mantenha o foco em sua principal atividade, otimizaremos o uso do seu tempo fazendo a divulga\u00e7\u00e3o, an\u00e1lise e sele\u00e7\u00e3o dos profissionais perfeitos para sua organiza\u00e7\u00e3o.<\/p>\n\n\n\n<h2 class=\"wp-block-heading\">Nossa Miss\u00e3o<\/h2>\n\n\n\n<p>Encontrar o profissional certo e que agregar\u00e1 valor \u00e0 sua empresa, para que juntos possam crescer e vencer todos os desafios.<\/p>\n\n\n\n<h2 class=\"wp-block-heading\">Nossos Servi\u00e7os<\/h2>\n\n\n\n<ul><li>Divulga\u00e7\u00e3o de vagas<\/li><li>Triagem de Curr\u00edculos<\/li><li>Entrevistas Individuais<\/li><li>Entrevistas por Compet\u00eancia<\/li><li>Entrevista via Skype para regi\u00f5es fora do Paran\u00e1 (opcional)<\/li><li>Din\u00e2micas de Grupo<\/li><li>Avalia\u00e7\u00e3o de Potencial e comportamental<\/li><\/ul>\n\n\n\n<h2 class=\"wp-block-heading\">Contato Comercial<\/h2>\n\n\n\n<p><strong>Telefone<\/strong><\/p>\n\n\n\n<p>41 3085 3681<\/p>\n\n\n\n<p><strong>E-mail<\/strong><\/p>\n\n\n\n<p>comercial@maximarh.com.br<\/p>\n","protected":false},"excerpt":{"rendered":"<p>Melhor pra voc\u00ea e sua empresa N\u00f3s compreenderemos sua necessidade, e assim,encontraremos o profissional certo que crescer\u00e1 com sua empresa. Para que mantenha o foco em sua principal atividade, otimizaremos o uso do seu tempo fazendo a divulga\u00e7\u00e3o, an\u00e1lise e sele\u00e7\u00e3o dos profissionais perfeitos para sua organiza\u00e7\u00e3o. Nossa Miss\u00e3o Encontrar o profissional certo e que [&hellip;]<\/p>\n","protected":false},"author":1,"featured_media":0,"parent":0,"menu_order":0,"comment_status":"closed","ping_status":"closed","template":"","meta":{"footnotes":""},"_links":{"self":[{"href":"http:\/\/maximarh.com.br\/index.php\/wp-json\/wp\/v2\/pages\/159"}],"collection":[{"href":"http:\/\/maximarh.com.br\/index.php\/wp-json\/wp\/v2\/pages"}],"about":[{"href":"http:\/\/maximarh.com.br\/index.php\/wp-json\/wp\/v2\/types\/page"}],"author":[{"embeddable":true,"href":"http:\/\/maximarh.com.br\/index.php\/wp-json\/wp\/v2\/users\/1"}],"replies":[{"embeddable":true,"href":"http:\/\/maximarh.com.br\/index.php\/wp-json\/wp\/v2\/comments?post=159"}],"version-history":[{"count":12,"href":"http:\/\/maximarh.com.br\/index.php\/wp-json\/wp\/v2\/pages\/159\/revisions"}],"predecessor-version":[{"id":233,"href":"http:\/\/maximarh.com.br\/index.php\/wp-json\/wp\/v2\/pages\/159\/revisions\/233"}],"wp:attachment":[{"href":"http:\/\/maximarh.com.br\/index.php\/wp-json\/wp\/v2\/media?parent=159"}],"curies":[{"name":"wp","href":"https:\/\/api.w.org\/{rel}","templated":true}]}}