{"id":181,"date":"2018-11-07T16:20:49","date_gmt":"2018-11-07T18:20:49","guid":{"rendered":"http:\/\/maximarh.com.br\/?page_id=181"},"modified":"2018-11-29T18:34:48","modified_gmt":"2018-11-29T20:34:48","slug":"sobre","status":"publish","type":"page","link":"http:\/\/maximarh.com.br\/","title":{"rendered":"Sobre"},"content":{"rendered":"\r\n<h2 class=\"wp-block-heading\" style=\"text-align: center;\"><strong>Conectando excelentes empresas \u00e0 profissionais qualificados!<\/strong><\/h2>\r\n<hr \/>\r\n<p style=\"text-align: center;\">Recrutamento e sele\u00e7\u00e3o para cargos administrativos, t\u00e9cnicos, operacionais, estagi\u00e1rios, menor aprendiz, PCD e cargos de lideran\u00e7a.<\/p>\r\n<hr \/>\r\n<p style=\"text-align: center;\">Processos seletivos para empresas de m\u00e9dio e grande porte, de diferentes segmentos, condu\u00e7\u00e3o de din\u00e2micas de grupo, entrevistas individuais e coletivas.<\/p>\r\n<hr \/>\r\n<p><img loading=\"lazy\" decoding=\"async\" class=\"size-full wp-image-308 alignright\" src=\"http:\/\/maximarh.com.br\/wp-content\/uploads\/2018\/11\/site110-lesson-you-can-learn-in-corporate-office.jpg\" alt=\"\" width=\"3000\" height=\"1800\" srcset=\"http:\/\/maximarh.com.br\/wp-content\/uploads\/2018\/11\/site110-lesson-you-can-learn-in-corporate-office.jpg 3000w, http:\/\/maximarh.com.br\/wp-content\/uploads\/2018\/11\/site110-lesson-you-can-learn-in-corporate-office-300x180.jpg 300w, http:\/\/maximarh.com.br\/wp-content\/uploads\/2018\/11\/site110-lesson-you-can-learn-in-corporate-office-768x461.jpg 768w, http:\/\/maximarh.com.br\/wp-content\/uploads\/2018\/11\/site110-lesson-you-can-learn-in-corporate-office-1024x614.jpg 1024w\" sizes=\"(max-width: 3000px) 100vw, 3000px\" \/><\/p>\r\n<div class=\"wp-block-image\">\r\n<figure class=\"alignright is-resized\"><br \/>\u00a0<\/figure>\r\n<p>&nbsp;<\/p>\r\n<\/div>\r\n<p>&nbsp;<\/p>\r\n\r\n\r\n\r\n<p>&nbsp;<\/p>\r\n\r\n\r\n\r\n<p>&nbsp;<\/p>\r\n\r\n\r\n\r\n<p>&nbsp;<\/p>\r\n","protected":false},"excerpt":{"rendered":"<p>Conectando excelentes empresas \u00e0 profissionais qualificados! Recrutamento e sele\u00e7\u00e3o para cargos administrativos, t\u00e9cnicos, operacionais, estagi\u00e1rios, menor aprendiz, PCD e cargos de lideran\u00e7a. Processos seletivos para empresas de m\u00e9dio e grande porte, de diferentes segmentos, condu\u00e7\u00e3o de din\u00e2micas de grupo, entrevistas individuais e coletivas. \u00a0 &nbsp; &nbsp; &nbsp; &nbsp; &nbsp;<\/p>\n","protected":false},"author":1,"featured_media":0,"parent":0,"menu_order":0,"comment_status":"closed","ping_status":"closed","template":"","meta":{"footnotes":""},"_links":{"self":[{"href":"http:\/\/maximarh.com.br\/index.php\/wp-json\/wp\/v2\/pages\/181"}],"collection":[{"href":"http:\/\/maximarh.com.br\/index.php\/wp-json\/wp\/v2\/pages"}],"about":[{"href":"http:\/\/maximarh.com.br\/index.php\/wp-json\/wp\/v2\/types\/page"}],"author":[{"embeddable":true,"href":"http:\/\/maximarh.com.br\/index.php\/wp-json\/wp\/v2\/users\/1"}],"replies":[{"embeddable":true,"href":"http:\/\/maximarh.com.br\/index.php\/wp-json\/wp\/v2\/comments?post=181"}],"version-history":[{"count":18,"href":"http:\/\/maximarh.com.br\/index.php\/wp-json\/wp\/v2\/pages\/181\/revisions"}],"predecessor-version":[{"id":309,"href":"http:\/\/maximarh.com.br\/index.php\/wp-json\/wp\/v2\/pages\/181\/revisions\/309"}],"wp:attachment":[{"href":"http:\/\/maximarh.com.br\/index.php\/wp-json\/wp\/v2\/media?parent=181"}],"curies":[{"name":"wp","href":"https:\/\/api.w.org\/{rel}","templated":true}]}}